{"id":3,"date":"2025-08-25T15:13:04","date_gmt":"2025-08-25T13:13:04","guid":{"rendered":"https:\/\/rastamama.shop\/?page_id=3"},"modified":"2025-11-12T12:34:14","modified_gmt":"2025-11-12T11:34:14","slug":"ochrana-sukromia","status":"publish","type":"page","link":"https:\/\/rastamama.shop\/cs\/ochrana-sukromia\/","title":{"rendered":"Z\u00e1sady ochrany osobn\u00edch \u00fadaj\u016f"},"content":{"rendered":"<h2 class=\"wp-block-heading\">Z\u00e1kladn\u00ed shrnut\u00ed<\/h2>\n\n\n\n<p>Tento souhlas se zpracov\u00e1n\u00edm Va\u0161ich osobn\u00edch \u00fadaj\u016f poskytujete ob\u010dansk\u00e9mu sdru\u017een\u00ed RASTAMAMA za \u00fa\u010delem zas\u00edl\u00e1n\u00ed informa\u010dn\u00edch ozn\u00e1men\u00ed a prov\u00e1d\u011bn\u00ed dal\u0161\u00edch marketingov\u00fdch aktivit v\u016f\u010di Va\u0161\u00ed osob\u011b. Tento souhlas m\u016f\u017eete kdykoli odvolat a ozn\u00e1men\u00ed V\u00e1m pot\u00e9 ji\u017e nebudou d\u00e1le zas\u00edl\u00e1na. Podrobn\u011bj\u0161\u00ed informace o zpracov\u00e1n\u00ed osobn\u00edch \u00fadaj\u016f naleznete n\u00ed\u017ee.<\/p>\n\n\n\n<ol class=\"wp-block-list\">\n<li><strong>Toto\u017enost a kontaktn\u00ed \u00fadaje spr\u00e1vce<\/strong><\/li>\n\n\n\n<li>Spr\u00e1vcem Va\u0161ich osobn\u00edch \u00fadaj\u016f je: RASTAMAMA, o.z. (d\u00e1le jen \u201espr\u00e1vce\u201c).<\/li>\n\n\n\n<li>Kontaktn\u00ed \u00fadaje spr\u00e1vce jsou n\u00e1sleduj\u00edc\u00ed: adresa elektronick\u00e9 po\u0161ty <strong>info@rastamama.shop<\/strong>. <\/li>\n\n\n\n<li>Spr\u00e1vce nejmenoval pov\u011b\u0159ence pro ochranu osobn\u00edch \u00fadaj\u016f.<\/li>\n\n\n\n<li><strong>Pr\u00e1vn\u00ed z\u00e1klad zpracov\u00e1n\u00ed osobn\u00edch \u00fadaj\u016f&nbsp;<\/strong><\/li>\n\n\n\n<li>Pr\u00e1vn\u00edm z\u00e1kladem zpracov\u00e1n\u00ed Va\u0161ich osobn\u00edch \u00fadaj\u016f je V\u00e1\u0161 souhlas, ud\u011blen\u00fd spr\u00e1vci podle \u010dl. 6 odst. 1 p\u00edsm. a) Na\u0159\u00edzen\u00ed Evropsk\u00e9ho parlamentu a Rady (EU) 2016\/679 ze dne 27. dubna 2016 o ochran\u011b fyzick\u00fdch osob v souvislosti se zpracov\u00e1n\u00edm osobn\u00edch \u00fadaj\u016f a o voln\u00e9m pohybu t\u011bchto \u00fadaj\u016f, kter\u00fdm se zru\u0161uje sm\u011brnice 95\/46\/ES (obecn\u00e9 na\u0159\u00edzen\u00ed o ochran\u011b osobn\u00edch \u00fadaj\u016f) \u2013 d\u00e1le jen \u201ena\u0159\u00edzen\u00ed\u201c.<\/li>\n\n\n\n<li><strong>\u00da\u010del zpracov\u00e1n\u00ed osobn\u00edch \u00fadaj\u016f<\/strong><\/li>\n\n\n\n<li>\u00da\u010delem zpracov\u00e1n\u00ed Va\u0161ich osobn\u00edch \u00fadaj\u016f je zas\u00edl\u00e1n\u00ed informa\u010dn\u00edch ozn\u00e1men\u00ed a prov\u00e1d\u011bn\u00ed jin\u00fdch marketingov\u00fdch aktivit spr\u00e1vcem v\u016f\u010di Va\u0161\u00ed osob\u011b.<\/li>\n\n\n\n<li>Ze strany spr\u00e1vce nedoch\u00e1z\u00ed k automatizovan\u00e9mu individu\u00e1ln\u00edmu rozhodov\u00e1n\u00ed ve smyslu \u010dl. 22 na\u0159\u00edzen\u00ed.<\/li>\n\n\n\n<li><strong>Doba ulo\u017een\u00ed osobn\u00edch \u00fadaj\u016f<\/strong><\/li>\n\n\n\n<li>Va\u0161e osobn\u00ed \u00fadaje budou spr\u00e1vcem uchov\u00e1v\u00e1ny po dobu 5 let od ud\u011blen\u00ed souhlasu, nejd\u00e9le v\u0161ak do odvol\u00e1n\u00ed Va\u0161eho souhlasu se zpracov\u00e1n\u00edm osobn\u00edch \u00fadaj\u016f pro tento \u00fa\u010del.<\/li>\n\n\n\n<li><strong>Dal\u0161\u00ed p\u0159\u00edjemci osobn\u00edch \u00fadaj\u016f<\/strong><\/li>\n\n\n\n<li>Spr\u00e1vce nem\u00e1 v \u00famyslu p\u0159ed\u00e1vat Va\u0161e osobn\u00ed \u00fadaje do t\u0159et\u00ed zem\u011b (mimo EU) ani mezin\u00e1rodn\u00ed organizaci.<\/li>\n\n\n\n<li><strong>Pr\u00e1va subjekt\u016f \u00fadaj\u016f<\/strong><\/li>\n\n\n\n<li>Za podm\u00ednek stanoven\u00fdch v na\u0159\u00edzen\u00ed m\u00e1te pr\u00e1vo po\u017eadovat od spr\u00e1vce p\u0159\u00edstup ke sv\u00fdm osobn\u00edm \u00fadaj\u016fm, pr\u00e1vo na opravu nebo v\u00fdmaz osobn\u00edch \u00fadaj\u016f, pr\u00e1vo na omezen\u00ed zpracov\u00e1n\u00ed, pr\u00e1vo vzn\u00e9st n\u00e1mitku proti zpracov\u00e1n\u00ed osobn\u00edch \u00fadaj\u016f, a pr\u00e1vo na p\u0159enositelnost osobn\u00edch \u00fadaj\u016f.<\/li>\n\n\n\n<li>M\u00e1te pr\u00e1vo kdykoli odvolat souhlas se zpracov\u00e1n\u00edm osobn\u00edch \u00fadaj\u016f poskytnut\u00fd spr\u00e1vci. T\u00edm nen\u00ed dot\u010dena z\u00e1konnost zpracov\u00e1n\u00ed prov\u00e1d\u011bn\u00e9ho p\u0159ed odvol\u00e1n\u00edm souhlasu. Souhlas m\u016f\u017eete odvolat kontaktov\u00e1n\u00edm spr\u00e1vce na adrese: <strong>info@rastamama.shop<\/strong>.<\/li>\n\n\n\n<li>Domn\u00edv\u00e1te-li se, \u017ee zpracov\u00e1n\u00edm Va\u0161ich osobn\u00edch \u00fadaj\u016f do\u0161lo nebo doch\u00e1z\u00ed k poru\u0161en\u00ed na\u0159\u00edzen\u00ed, m\u00e1te pr\u00e1vo podat st\u00ed\u017enost u dozorov\u00e9ho \u00fa\u0159adu.<\/li>\n\n\n\n<li>Poskytnut\u00ed osobn\u00edch \u00fadaj\u016f nen\u00ed povinn\u00e9 \u2013 nen\u00ed z\u00e1konn\u00fdm, smluvn\u00edm ani nezbytn\u00fdm po\u017eadavkem pro uzav\u0159en\u00ed smlouvy.<\/li>\n\n\n\n<li>M\u00e1te kdykoli pr\u00e1vo vzn\u00e9st n\u00e1mitku proti zpracov\u00e1n\u00ed osobn\u00edch \u00fadaj\u016f pro \u00fa\u010dely p\u0159\u00edm\u00e9ho marketingu, v\u010detn\u011b profilov\u00e1n\u00ed, pokud se t\u00fdk\u00e1 tohoto marketingu.\nPokud vznesete n\u00e1mitku, Va\u0161e \u00fadaje ji\u017e nebudou pro tyto \u00fa\u010dely d\u00e1le zpracov\u00e1v\u00e1ny.<\/li>\n<\/ol>\n\n\n\n<h1 class=\"wp-block-heading\">Z\u00e1sady pou\u017e\u00edv\u00e1n\u00ed soubor\u016f cookie (Cookie Policy)<\/h1>\n\n\n\n<p><strong>Soubory cookie<\/strong><br>Za \u00fa\u010delem zaji\u0161t\u011bn\u00ed spr\u00e1vn\u00e9ho fungov\u00e1n\u00ed t\u00e9to webov\u00e9 str\u00e1nky ukl\u00e1d\u00e1me na Va\u0161em za\u0159\u00edzen\u00ed mal\u00e9 datov\u00e9 soubory, tzv. cookies. Jde o b\u011b\u017enou praxi v\u011bt\u0161iny modern\u00edch webov\u00fdch str\u00e1nek.<\/p>\n\n\n\n<p><strong>Co jsou soubory cookie?<\/strong><br>Soubor cookie je mal\u00fd textov\u00fd soubor, kter\u00fd webov\u00e1 str\u00e1nka ukl\u00e1d\u00e1 do Va\u0161eho po\u010d\u00edta\u010de nebo mobiln\u00edho za\u0159\u00edzen\u00ed p\u0159i jej\u00edm prohl\u00ed\u017een\u00ed. D\u00edky t\u011bmto soubor\u016fm si str\u00e1nka po ur\u010ditou dobu pamatuje Va\u0161e kroky a preference (nap\u0159\u00edklad p\u0159ihla\u0161ovac\u00ed jm\u00e9no, jazyk, velikost p\u00edsma a dal\u0161\u00ed nastaven\u00ed zobrazen\u00ed), tak\u017ee je p\u0159i dal\u0161\u00ed n\u00e1v\u0161t\u011bv\u011b nemus\u00edte znovu zad\u00e1vat.<\/p>\n\n\n\n<p><strong>Jak pou\u017e\u00edv\u00e1me soubory cookie<br><\/strong>Tyto webov\u00e9 str\u00e1nky pou\u017e\u00edvaj\u00ed cookies k zapamatov\u00e1n\u00ed u\u017eivatelsk\u00fdch nastaven\u00ed, pro lep\u0161\u00ed p\u0159izp\u016fsoben\u00ed reklam z\u00e1jm\u016fm n\u00e1v\u0161t\u011bvn\u00edk\u016f, a pro nezbytnou funk\u010dnost webov\u00fdch str\u00e1nek.<\/p>\n\n\n\n<p><strong>Jak kontrolovat soubory cookie<\/strong><br>Soubory cookie m\u016f\u017eete kontrolovat nebo mazat dle vlastn\u00edho uv\u00e1\u017een\u00ed \u2013 podrobnosti naleznete na str\u00e1nce aboutcookies.org. M\u016f\u017eete smazat v\u0161echny ulo\u017een\u00e9 cookies ve sv\u00e9m po\u010d\u00edta\u010di a v\u011bt\u0161inu prohl\u00ed\u017ee\u010d\u016f lze nastavit tak, aby jejich ukl\u00e1d\u00e1n\u00ed zcela znemo\u017enily.\nV takov\u00e9m p\u0159\u00edpad\u011b v\u0161ak budete muset p\u0159i ka\u017ed\u00e9 n\u00e1v\u0161t\u011bv\u011b webu ru\u010dn\u011b nastavovat n\u011bkter\u00e9 volby a n\u011bkter\u00e9 slu\u017eby nemus\u00ed fungovat spr\u00e1vn\u011b.<\/p>\n\n\n\n<p><strong>Jak odm\u00edtnout pou\u017e\u00edv\u00e1n\u00ed soubor\u016f cookie<\/strong><br>Pou\u017e\u00edv\u00e1n\u00ed cookies m\u016f\u017eete nastavit ve sv\u00e9m internetov\u00e9m prohl\u00ed\u017ee\u010di. V\u011bt\u0161ina prohl\u00ed\u017ee\u010d\u016f cookies automaticky p\u0159ij\u00edm\u00e1 ve v\u00fdchoz\u00edm nastaven\u00ed, ale toto nastaven\u00ed m\u016f\u017eete kdykoli zm\u011bnit.<\/p>\n\n\n\n<p><\/p>\n\n\n\n<p><\/p>\n\n\n\n<p><\/p>\n\n\n\n<p><\/p>\n\n\n\n<p><\/p>\n\n\n\n<p><\/p>\n\n\n\n<p><\/p>","protected":false},"excerpt":{"rendered":"<p>Z\u00e1kladn\u00e9 zhrnutie Tento s\u00fahlas so spracovan\u00edm Va\u0161ich osobn\u00fdch \u00fadajov d\u00e1vate ob\u010dianskemu zdru\u017eeniu RASTAMAMA pre \u00fa\u010dely zasielania informa\u010dn\u00fdch ozn\u00e1men\u00ed a&nbsp;pre vykon\u00e1vanie in\u00fdch marketingov\u00fdch aktiv\u00edt vo\u010di Va\u0161ej osobe. Tento V\u00e1\u0161 s\u00fahlas m\u00f4\u017eete kedyko\u013evek odvola\u0165 a ozn\u00e1menia V\u00e1m potom nebud\u00fa \u010falej zasielan\u00e9. Podrobnej\u0161ie inform\u00e1cie o spracovan\u00ed Va\u0161ich osobn\u00fdch \u00fadajov n\u00e1jdete ni\u017e\u0161ie. Cookie policy S\u00fabory cookieS cie\u013eom zabezpe\u010di\u0165 riadne [&hellip;]<\/p>\n","protected":false},"author":1,"featured_media":0,"parent":0,"menu_order":0,"comment_status":"closed","ping_status":"open","template":"","meta":{"_et_pb_use_builder":"","_et_pb_old_content":"","_et_gb_content_width":"1080","om_disable_all_campaigns":false,"inline_featured_image":false,"_monsterinsights_skip_tracking":false,"_monsterinsights_sitenote_active":false,"_monsterinsights_sitenote_note":"","_monsterinsights_sitenote_category":0,"footnotes":""},"class_list":["post-3","page","type-page","status-publish","hentry"],"aioseo_notices":[],"jetpack_sharing_enabled":true,"_links":{"self":[{"href":"https:\/\/rastamama.shop\/cs\/wp-json\/wp\/v2\/pages\/3","targetHints":{"allow":["GET"]}}],"collection":[{"href":"https:\/\/rastamama.shop\/cs\/wp-json\/wp\/v2\/pages"}],"about":[{"href":"https:\/\/rastamama.shop\/cs\/wp-json\/wp\/v2\/types\/page"}],"author":[{"embeddable":true,"href":"https:\/\/rastamama.shop\/cs\/wp-json\/wp\/v2\/users\/1"}],"replies":[{"embeddable":true,"href":"https:\/\/rastamama.shop\/cs\/wp-json\/wp\/v2\/comments?post=3"}],"version-history":[{"count":2,"href":"https:\/\/rastamama.shop\/cs\/wp-json\/wp\/v2\/pages\/3\/revisions"}],"predecessor-version":[{"id":2761,"href":"https:\/\/rastamama.shop\/cs\/wp-json\/wp\/v2\/pages\/3\/revisions\/2761"}],"wp:attachment":[{"href":"https:\/\/rastamama.shop\/cs\/wp-json\/wp\/v2\/media?parent=3"}],"curies":[{"name":"wp","href":"https:\/\/api.w.org\/{rel}","templated":true}]}}